{"id":20644,"date":"2026-03-08T18:13:43","date_gmt":"2026-03-08T21:13:43","guid":{"rendered":"https:\/\/www.uniservitate.org\/?page_id=20644"},"modified":"2026-03-08T18:24:23","modified_gmt":"2026-03-08T21:24:23","slug":"prix-uniservitate-2026","status":"publish","type":"page","link":"https:\/\/www.uniservitate.org\/fr\/prix-uniservitate-2026\/","title":{"rendered":"Prix Uniservitate 2026"},"content":{"rendered":"<div class=\"row\" style=\"max-width:1200px\" id=\"row-451932363\">\n\n\t<div id=\"col-1964145083\" class=\"col small-12 large-12\"  >\n\t\t\t\t<div class=\"col-inner\"  >\n\t\t\t\n\t\t\t\n\t<div id=\"text-2434119137\" class=\"text titulares\">\n\t\t\n<h2>Prix Uniservitate 2026<\/h2>\n<h3 style=\"margin: 0 0 10px 0;\"><strong>Apprentissage-service solidaire dans l&rsquo;Enseignement Sup\u00e9rieur Catholique<\/strong><\/h3>\n<h4>\u00a0<\/h4>\n<h2 style=\"font-size: 1.5em;\">\u00a0<\/h2>\n\t\t\n<style>\n#text-2434119137 {\n  font-size: 0.9rem;\n  text-align: center;\n  color: #666666;\n}\n#text-2434119137 > * {\n  color: #666666;\n}\n<\/style>\n\t<\/div>\n\t\n\t\t<\/div>\n\t\t\t\t\t<\/div>\n\n\t\n\n\t<div id=\"col-828782187\" class=\"col small-12 large-12\"  >\n\t\t\t\t<div class=\"col-inner text-center\"  >\n\t\t\t\n\t\t\t\n\t<div id=\"text-3132463188\" class=\"text titulares\">\n\t\t\n<p>Le Prix Uniservitate r\u00e9compense les meilleures exp\u00e9riences d&rsquo;apprentissage-service solidaire dans l&rsquo;Enseignement Sup\u00e9rieur Catholique. Il est d\u00e9cern\u00e9 tous les deux ans depuis 2022 et s&rsquo;appuie sur le Pacte mondial pour l&rsquo;\u00e9ducation, qui affirme que \u00ab le v\u00e9ritable service de l&rsquo;\u00e9ducation est l&rsquo;\u00e9ducation au service \u00bb.<\/p>\n<p>Pour sa troisi\u00e8me \u00e9dition, le Prix Uniservitate offre la possibilit\u00e9 de distinguer. outre les projets, les Programmes institutionnels d&rsquo;apprentissage-service solidaire de qualit\u00e9.<\/p>\n<p>Les Institutions Catholiques d&rsquo;Enseignement Sup\u00e9rieur (ICES), universitaires et non universitaires, ayant une exp\u00e9rience dans des projets, des stages, des cours ou des programmes institutionnels de service solidaire avec la communaut\u00e9, men\u00e9s activement par les \u00e9tudiants et articul\u00e9s de mani\u00e8re intentionnelle avec les contenus acad\u00e9miques et les programmes de recherche, sont admissibles au prix <em>Uniservitate<\/em>. Date limite de d\u00e9p\u00f4t des candidatures : 10 avril 2026.<\/p>\n<p>Les distinctions attribu\u00e9es sont d&rsquo;un montant total de quatre-vingt-quatre mille euros (84.000 \u20ac) qui sont r\u00e9partis en prix et mentions sp\u00e9ciales dans les sept r\u00e9gions faisant partie d&rsquo;<em>Uniservitate.<\/em> Chaque laur\u00e9at recevra cinq mille euros (5.000 \u20ac) et mille euros (1.000 \u20ac) pour chacune des mentions sp\u00e9ciales. Les prix comprennent une bourse compl\u00e8te permettant \u00e0 un enseignant coordinateur et \u00e0 un \u00e9tudiant de participer au VIIe Symposium<em> Uniservitate<\/em> qui se tiendra \u00e0 Rome en octobre 2026.<\/p>\n<p>Comme le Prix vise \u00e0 r\u00e9compenser les progr\u00e8s accomplis dans l&rsquo;institutionnalisation de l&rsquo;apprentissage-service solidaire, chaque r\u00e9gion pourra cette fois-ci d\u00e9cerner un prix \u00e0 un Programme Institutionnel qui int\u00e8gre des projets et des exp\u00e9riences d\u00e9velopp\u00e9s au fil des ans et qui d\u00e9montre l&rsquo;int\u00e9gration de l&rsquo;apprentissage-service solidaire dans les politiques institutionnelles et la mission des ICES. Si un Programme institutionnel de qualit\u00e9 est identifi\u00e9, le n\u0153ud pourra le r\u00e9compenser par un prix de cinq mille euros (5.000 \u20ac) et le voyage d&rsquo;un repr\u00e9sentant de l&rsquo;institution \u00e0 Rome pour participer au VIIe Symposium <em>Uniservitate.<\/em><\/p>\n<p>La s\u00e9lection des laur\u00e9ats s&rsquo;effectue selon un processus rigoureux comportant plusieurs \u00e9tapes et des jurys internationalement reconnus.<\/p>\n<p>Pour cette \u00e9dition, <a href=\"https:\/\/uniservitate.givepulse.com\/group\/1263753-universitate\" target=\"_blank\" rel=\"noopener\">GivePulse<\/a> se joint \u00e0 l&rsquo;initiative d<em>&lsquo;Uniservitate<\/em> afin de travailler ensemble au renforcement de la communaut\u00e9 de l&rsquo;apprentissage par le service \u00e0 travers le monde.<\/p>\n<p>D&rsquo;envergure mondiale, le Prix <em>Uniservitate<\/em> vise \u00e0 mettre en valeur des initiatives et des processus susceptibles d&rsquo;\u00e9clairer et d&rsquo;inspirer d&rsquo;autres institutions. Apr\u00e8s les \u00e9ditions 2022 et 2024, l&rsquo;appel \u00e0 candidatures 2026 confirme une croissance soutenue tant en quantit\u00e9 qu&rsquo;en qualit\u00e9 des exp\u00e9riences pr\u00e9sent\u00e9es et l&rsquo;engagement d&rsquo;<em>Uniservitate<\/em> \u00e0 promouvoir des pratiques \u00e9ducatives qui apportent de la valeur ajout\u00e9e et tendent vers une soci\u00e9t\u00e9 plus juste et plus solidaire.<\/p>\n<p>\u00a0<\/p>\n\t\t\n<style>\n#text-3132463188 {\n  text-align: left;\n  color: #666666;\n}\n#text-3132463188 > * {\n  color: #666666;\n}\n<\/style>\n\t<\/div>\n\t\n\n\t\t<\/div>\n\t\t\t\t\t<\/div>\n\n\t\n\n<style>\n#row-451932363 > .col > .col-inner {\n  padding: 60px 0px 0px 0px;\n}\n<\/style>\n<\/div>\n<div class=\"row program\" style=\"max-width:1200px\" id=\"row-2098439972\">\n\n\t<div id=\"col-1346543562\" class=\"col small-12 large-12\"  >\n\t\t\t\t<div class=\"col-inner\"  >\n\t\t\t\n\t\t\t\n<div class=\"is-divider divider clearfix\" ><\/div>\n<h2 style=\"color: #38667f;\">Les objectifs du Prix sont les suivants:<\/h2>\n<ul>\n<li>Reconna\u00eetre et rendre visibles les exp\u00e9riences d&rsquo;apprentissage-service solidaire (AYSS) de qualit\u00e9 qui articulent l&rsquo;enseignement, la recherche et la projection sociale, suivant la mission principale des ICES.<\/li>\n<li>Reconna\u00eetre les \u00e9tudiants et les enseignants qui connaissent les besoins de la communaut\u00e9 et s&rsquo;engagent \u00e0 construire une soci\u00e9t\u00e9 plus juste, plus fraternelle et plus solidaire.<\/li>\n<li>Reconna\u00eetre et rendre visibles les ICES qui int\u00e8grent le mieux l&rsquo;apprentissage acad\u00e9mique des \u00e9tudiants et le service solidaire \u00e0 la communaut\u00e9.<\/li>\n<li>Contribuer \u00e0 la promotion des bonnes pratiques, afin qu&rsquo;elles soient reproduites dans l&rsquo;ensemble du syst\u00e8me et diffus\u00e9es \u00e0 grande \u00e9chelle.<\/li>\n<li>Enrichir le champ de connaissances de l&rsquo;AYSS, son institutionnalisation et son int\u00e9gration avec la dimension spirituelle transformatrice.<\/li>\n<\/ul>\n\t\t<\/div>\n\t\t\t\t\t<\/div>\n\n\t\n<\/div>\n<div class=\"row\"  id=\"row-919899991\">\n\n\t<div id=\"col-96779616\" class=\"col small-12 large-12\"  >\n\t\t\t\t<div class=\"col-inner\"  >\n\t\t\t\n\t\t\t\n<div class=\"video video-fit mb\" style=\"padding-top:56.25%;\"><p><iframe loading=\"lazy\" title=\"Lanzamiento de la tercera edici\u00f3n del Premio Uniservitate [ESP]\" width=\"1020\" height=\"574\" src=\"https:\/\/www.youtube.com\/embed\/zYZkeljcGr4?feature=oembed\" frameborder=\"0\" allow=\"accelerometer; autoplay; clipboard-write; encrypted-media; gyroscope; picture-in-picture; web-share\" referrerpolicy=\"strict-origin-when-cross-origin\" allowfullscreen><\/iframe><\/p>\n<\/div>\n\t\t<\/div>\n\t\t\t\t\t<\/div>\n\n\t\n<\/div>\n<div class=\"row\" style=\"max-width:1200px\" id=\"row-1256851798\">\n\n\t<div id=\"col-1372771137\" class=\"col medium-4 small-12 large-4\"  >\n\t\t\t\t<div class=\"col-inner\"  >\n\t\t\t\n\t\t\t\n\t<div class=\"box has-hover   has-hover box-overlay dark box-text-middle\" >\n\n\t\t<div class=\"box-image\" >\n\t\t\t<a href=\"https:\/\/www.uniservitate.org\/wp-content\/uploads\/2026\/03\/Award2026_CATEGORIAS_FR.dotx.pdf\" target=\"_blank\" rel=\"noopener\" >\t\t\t<div class=\"image-cover\" style=\"padding-top:58%;\">\n\t\t\t\t<img decoding=\"async\" src=\"https:\/\/www.uniservitate.org\/wp-content\/themes\/flatsome\/assets\/img\/missing.jpg\" \/>\t\t\t\t<div class=\"overlay\" style=\"background-color:rgb(84, 151, 158)\"><\/div>\t\t\t\t\t\t\t<\/div>\n\t\t\t<\/a>\t\t<\/div>\n\n\t\t<div class=\"box-text text-center is-large\" >\n\t\t\t<div class=\"box-text-inner\">\n\t\t\t\t\n\t<div class=\"img has-hover x md-x lg-x y md-y lg-y\" id=\"image_2085290876\">\n\t\t<a class=\"\" href=\"https:\/\/www.uniservitate.org\/wp-content\/uploads\/2026\/02\/categorias-tematicas_Premio-2026.pdf\" >\t\t\t\t\t\t<div class=\"img-inner dark\" style=\"margin:0px 0px 10px 0px;\">\n\t\t\t<img loading=\"lazy\" decoding=\"async\" width=\"962\" height=\"1024\" src=\"https:\/\/www.uniservitate.org\/wp-content\/uploads\/2021\/07\/registration-962x1024.png\" class=\"attachment-large size-large\" alt=\"\" srcset=\"https:\/\/www.uniservitate.org\/wp-content\/uploads\/2021\/07\/registration-962x1024.png 962w, https:\/\/www.uniservitate.org\/wp-content\/uploads\/2021\/07\/registration-563x600.png 563w, https:\/\/www.uniservitate.org\/wp-content\/uploads\/2021\/07\/registration-768x818.png 768w, https:\/\/www.uniservitate.org\/wp-content\/uploads\/2021\/07\/registration.png 1003w\" sizes=\"auto, (max-width: 962px) 100vw, 962px\" \/>\t\t\t\t\t\t\n\t\t\t\t\t<\/div>\n\t\t\t\t\t\t<\/a>\t\t\n<style>\n#image_2085290876 {\n  width: 22%;\n}\n<\/style>\n\t<\/div>\n\t\n<h4><a href=\"https:\/\/www.uniservitate.org\/wp-content\/uploads\/2026\/03\/Award2026_CATEGORIAS_FR.dotx.pdf\" target=\"_blank\" rel=\"noopener\">Cat\u00e9gories de projets<\/a><\/h4>\n\t\t\t<\/div>\n\t\t<\/div>\n\t<\/div>\n\t\n\t\t<\/div>\n\t\t\t\t\n<style>\n#col-1372771137 > .col-inner {\n  padding: 0px 0px 0 0px;\n  margin: -40px 0px 0px 0px;\n}\n@media (min-width:550px) {\n  #col-1372771137 > .col-inner {\n    margin: 0px 0px 0 0px;\n  }\n}\n<\/style>\n\t<\/div>\n\n\t\n\n\t<div id=\"col-564201187\" class=\"col medium-4 small-12 large-4\"  >\n\t\t\t\t<div class=\"col-inner\"  >\n\t\t\t\n\t\t\t\n\t<div class=\"box has-hover   has-hover box-overlay dark box-text-middle\" >\n\n\t\t<div class=\"box-image\" >\n\t\t\t<a href=\"https:\/\/www.uniservitate.org\/wp-content\/uploads\/2026\/03\/Award2026_BASE_FR.dotx.pdf\" target=\"_blank\" rel=\"noopener\" >\t\t\t<div class=\"image-cover\" style=\"padding-top:58%;\">\n\t\t\t\t<img decoding=\"async\" src=\"https:\/\/www.uniservitate.org\/wp-content\/themes\/flatsome\/assets\/img\/missing.jpg\" \/>\t\t\t\t<div class=\"overlay\" style=\"background-color:rgb(84, 151, 158)\"><\/div>\t\t\t\t\t\t\t<\/div>\n\t\t\t<\/a>\t\t<\/div>\n\n\t\t<div class=\"box-text text-center is-large\" >\n\t\t\t<div class=\"box-text-inner\">\n\t\t\t\t\n\t<div class=\"img has-hover x md-x lg-x y md-y lg-y\" id=\"image_707591025\">\n\t\t<a class=\"\" href=\"https:\/\/www.uniservitate.org\/wp-content\/uploads\/2026\/01\/BASES-y-CONDICIONES-Premio_Universitate_2026-ESP.pdf\" target=\"_blank\" rel=\"noopener\" >\t\t\t\t\t\t<div class=\"img-inner dark\" style=\"margin:0px 0px 10px 0px;\">\n\t\t\t<img loading=\"lazy\" decoding=\"async\" width=\"934\" height=\"1001\" src=\"https:\/\/www.uniservitate.org\/wp-content\/uploads\/2021\/07\/programa.png\" class=\"attachment-large size-large\" alt=\"\" srcset=\"https:\/\/www.uniservitate.org\/wp-content\/uploads\/2021\/07\/programa.png 934w, https:\/\/www.uniservitate.org\/wp-content\/uploads\/2021\/07\/programa-560x600.png 560w, https:\/\/www.uniservitate.org\/wp-content\/uploads\/2021\/07\/programa-768x823.png 768w\" sizes=\"auto, (max-width: 934px) 100vw, 934px\" \/>\t\t\t\t\t\t\n\t\t\t\t\t<\/div>\n\t\t\t\t\t\t<\/a>\t\t\n<style>\n#image_707591025 {\n  width: 22%;\n}\n<\/style>\n\t<\/div>\n\t\n<h4><a href=\"https:\/\/www.uniservitate.org\/wp-content\/uploads\/2026\/03\/Award2026_BASE_FR.dotx.pdf\" target=\"_blank\" rel=\"noopener\">R\u00e8glement et Conditions<\/a><\/h4>\n\t\t\t<\/div>\n\t\t<\/div>\n\t<\/div>\n\t\n\t\t<\/div>\n\t\t\t\t\t<\/div>\n\n\t\n\n\t<div id=\"col-871463461\" class=\"col medium-4 small-12 large-4\"  >\n\t\t\t\t<div class=\"col-inner\"  >\n\t\t\t\n\t\t\t\n\t<div class=\"box has-hover   has-hover box-overlay dark box-text-middle\" >\n\n\t\t<div class=\"box-image\" >\n\t\t\t<a href=\"https:\/\/www.uniservitate.org\/wp-content\/uploads\/2026\/03\/Award2026_FAQ_FR.pdf\" target=\"_blank\" rel=\"noopener\" >\t\t\t<div class=\"image-cover\" style=\"padding-top:58%;\">\n\t\t\t\t<img decoding=\"async\" src=\"https:\/\/www.uniservitate.org\/wp-content\/themes\/flatsome\/assets\/img\/missing.jpg\" \/>\t\t\t\t<div class=\"overlay\" style=\"background-color:rgb(84, 151, 158)\"><\/div>\t\t\t\t\t\t\t<\/div>\n\t\t\t<\/a>\t\t<\/div>\n\n\t\t<div class=\"box-text text-center is-large\" >\n\t\t\t<div class=\"box-text-inner\">\n\t\t\t\t\n\t<div class=\"img has-hover x md-x lg-x y md-y lg-y\" id=\"image_899484159\">\n\t\t<a class=\"\" href=\"https:\/\/www.uniservitate.org\/wp-content\/uploads\/2026\/02\/Preguntas_Frecuentes.pdf\" target=\"_blank\" rel=\"noopener\" >\t\t\t\t\t\t<div class=\"img-inner dark\" style=\"margin:0px 0px 10px 0px;\">\n\t\t\t<img loading=\"lazy\" decoding=\"async\" width=\"1020\" height=\"800\" src=\"https:\/\/www.uniservitate.org\/wp-content\/uploads\/2021\/07\/megafono-1024x803.png\" class=\"attachment-large size-large\" alt=\"\" srcset=\"https:\/\/www.uniservitate.org\/wp-content\/uploads\/2021\/07\/megafono-1024x803.png 1024w, https:\/\/www.uniservitate.org\/wp-content\/uploads\/2021\/07\/megafono-600x471.png 600w, https:\/\/www.uniservitate.org\/wp-content\/uploads\/2021\/07\/megafono-768x602.png 768w, https:\/\/www.uniservitate.org\/wp-content\/uploads\/2021\/07\/megafono.png 1067w\" sizes=\"auto, (max-width: 1020px) 100vw, 1020px\" \/>\t\t\t\t\t\t\n\t\t\t\t\t<\/div>\n\t\t\t\t\t\t<\/a>\t\t\n<style>\n#image_899484159 {\n  width: 22%;\n}\n<\/style>\n\t<\/div>\n\t\n<h4><a href=\"https:\/\/www.uniservitate.org\/wp-content\/uploads\/2026\/03\/Award2026_FAQ_FR.pdf\" target=\"_blank\" rel=\"noopener\">Foire aux questions<br \/>\n<\/a><\/h4>\n\t\t\t<\/div>\n\t\t<\/div>\n\t<\/div>\n\t\n\t\t<\/div>\n\t\t\t\t\n<style>\n#col-871463461 > .col-inner {\n  margin: -40px 0px 0px 0px;\n}\n@media (min-width:550px) {\n  #col-871463461 > .col-inner {\n    margin: 0px 0px 0 0px;\n  }\n}\n<\/style>\n\t<\/div>\n\n\t\n\n<style>\n#row-1256851798 > .col > .col-inner {\n  padding: 60px 0px 0px 0px;\n}\n<\/style>\n<\/div>\n<div class=\"row program\" style=\"max-width:1200px\" id=\"row-312699911\">\n\n\t<div id=\"col-1083584925\" class=\"col medium-6 small-12 large-6\"  >\n\t\t\t\t<div class=\"col-inner\"  >\n\t\t\t\n\t\t\t\n<a href=\"https:\/\/uniservitate.givepulse.com\/event\/816365\" target=\"_blank\" class=\"button alert is-larger expand\" rel=\"noopener\" >\n\t\t<span>FORMULAIRE DE CANDIDATURE<\/span>\n\t<\/a>\n\n<div class=\"row\"  id=\"row-1347744156\">\n\n\t<div id=\"col-2057680328\" class=\"col small-12 large-12\"  >\n\t\t\t\t<div class=\"col-inner\"  >\n\t\t\t\n\t\t\t\n<p>Vous trouverez ci-dessous les formulaires de candidature au format PDF pour les programmes et les projets. Nous les partageons afin que vous puissiez facilement identifier les champs \u00e0 remplir avant d&rsquo;acc\u00e9der au formulaire en ligne.<\/p>\n<p><strong>Veuillez noter que pour soumettre votre candidature, vous devez imp\u00e9rativement remplir le formulaire en ligne via la plateforme GivePulse. Les formulaires PDF modifi\u00e9s envoy\u00e9s par courriel ne seront pas accept\u00e9s.<\/strong><\/p>\n<a href=\"https:\/\/www.uniservitate.org\/wp-content\/uploads\/2026\/02\/Uniservitate-Award-2026-PROGRAMME-Form-fv.pdf\" target=\"_blank\" class=\"button secondary lowercase expand\" rel=\"noopener\" >\n\t\t<span>T\u00e9l\u00e9charger le Programme<\/span>\n\t<\/a>\n\n<a href=\"https:\/\/www.uniservitate.org\/wp-content\/uploads\/2026\/02\/Uniservitate-Award-2026-PROJECT-FORM-fv.pdf\" target=\"_blank\" class=\"button secondary lowercase expand\" rel=\"noopener\" >\n\t\t<span>T\u00e9l\u00e9charger le Projet<\/span>\n\t<\/a>\n\n\t\t<\/div>\n\t\t\t\t\t<\/div>\n\n\t\n<\/div>\n\t\t<\/div>\n\t\t\t\t\t<\/div>\n\n\t\n\n\t<div id=\"col-733420955\" class=\"col medium-6 small-12 large-6\"  >\n\t\t\t\t<div class=\"col-inner\"  >\n\t\t\t\n\t\t\t\n<a href=\"https:\/\/www.uniservitate.org\/wp-content\/uploads\/2026\/02\/Premio-2026_carta-aval.docx.pdf\" target=\"_blank\" class=\"button success is-larger expand\" rel=\"noopener\" >\n\t\t<span>LETTRE DE SOUTIEN<\/span>\n\t<\/a>\n\n\t\t<\/div>\n\t\t\t\t\t<\/div>\n\n\t\n<\/div>\n<div class=\"row\"  id=\"row-334296272\">\n\n\t<div id=\"col-1951279733\" class=\"col small-12 large-12\"  >\n\t\t\t\t<div class=\"col-inner\"  >\n\t\t\t\n\t\t\t\n<p><strong>Nous vous invitons \u00e0 d\u00e9couvrir les exp\u00e9riences laur\u00e9ates des \u00e9ditions pr\u00e9c\u00e9dentes <a href=\"https:\/\/www.uniservitate.org\/es\/experiencias\/\" target=\"_blank\" rel=\"noopener\">ici<\/a>.<\/strong><\/p>\n\t\t<\/div>\n\t\t\t\t\t<\/div>\n\n\t\n<\/div>\n<div class=\"row program\" style=\"max-width:1200px\" id=\"row-531522280\">\n\n\t<div id=\"col-1475154541\" class=\"col small-12 large-12\"  >\n\t\t\t\t<div class=\"col-inner\"  >\n\t\t\t\n\t\t\t\n<div class=\"is-divider divider clearfix\" ><\/div>\n\t\t<\/div>\n\t\t\t\t\t<\/div>\n\n\t\n<\/div>\n\n\n\n","protected":false},"excerpt":{"rendered":"","protected":false},"author":16,"featured_media":20649,"parent":0,"menu_order":0,"comment_status":"closed","ping_status":"closed","template":"","meta":{"_acf_changed":false,"iawp_total_views":67,"footnotes":""},"class_list":["post-20644","page","type-page","status-publish","has-post-thumbnail","hentry"],"acf":[],"yoast_head":"<!-- This site is optimized with the Yoast SEO plugin v27.4 - https:\/\/yoast.com\/product\/yoast-seo-wordpress\/ -->\n<title>Prix Uniservitate 2026 - Uniservitate<\/title>\n<meta name=\"robots\" content=\"index, follow, max-snippet:-1, max-image-preview:large, max-video-preview:-1\" \/>\n<link rel=\"canonical\" href=\"https:\/\/www.uniservitate.org\/fr\/prix-uniservitate-2026\/\" \/>\n<meta property=\"og:locale\" content=\"fr_FR\" \/>\n<meta property=\"og:type\" content=\"article\" \/>\n<meta property=\"og:title\" content=\"Prix Uniservitate 2026 - Uniservitate\" \/>\n<meta property=\"og:url\" content=\"https:\/\/www.uniservitate.org\/fr\/prix-uniservitate-2026\/\" \/>\n<meta property=\"og:site_name\" content=\"Uniservitate\" \/>\n<meta property=\"article:modified_time\" content=\"2026-03-08T21:24:23+00:00\" \/>\n<meta property=\"og:image\" content=\"https:\/\/www.uniservitate.org\/wp-content\/uploads\/2026\/01\/banner_mobile_award2026_grande.jpg\" \/>\n\t<meta property=\"og:image:width\" content=\"1080\" \/>\n\t<meta property=\"og:image:height\" content=\"1350\" \/>\n\t<meta property=\"og:image:type\" content=\"image\/jpeg\" \/>\n<meta name=\"twitter:card\" content=\"summary_large_image\" \/>\n<meta name=\"twitter:label1\" content=\"Dur\u00e9e de lecture estim\u00e9e\" \/>\n\t<meta name=\"twitter:data1\" content=\"29 minutes\" \/>\n<script type=\"application\/ld+json\" class=\"yoast-schema-graph\">{\"@context\":\"https:\\\/\\\/schema.org\",\"@graph\":[{\"@type\":\"WebPage\",\"@id\":\"https:\\\/\\\/www.uniservitate.org\\\/fr\\\/prix-uniservitate-2026\\\/\",\"url\":\"https:\\\/\\\/www.uniservitate.org\\\/fr\\\/prix-uniservitate-2026\\\/\",\"name\":\"Prix Uniservitate 2026 - Uniservitate\",\"isPartOf\":{\"@id\":\"https:\\\/\\\/www.uniservitate.org\\\/#website\"},\"primaryImageOfPage\":{\"@id\":\"https:\\\/\\\/www.uniservitate.org\\\/fr\\\/prix-uniservitate-2026\\\/#primaryimage\"},\"image\":{\"@id\":\"https:\\\/\\\/www.uniservitate.org\\\/fr\\\/prix-uniservitate-2026\\\/#primaryimage\"},\"thumbnailUrl\":\"https:\\\/\\\/www.uniservitate.org\\\/wp-content\\\/uploads\\\/2026\\\/01\\\/banner_mobile_award2026_grande.jpg\",\"datePublished\":\"2026-03-08T21:13:43+00:00\",\"dateModified\":\"2026-03-08T21:24:23+00:00\",\"breadcrumb\":{\"@id\":\"https:\\\/\\\/www.uniservitate.org\\\/fr\\\/prix-uniservitate-2026\\\/#breadcrumb\"},\"inLanguage\":\"fr-FR\",\"potentialAction\":[{\"@type\":\"ReadAction\",\"target\":[\"https:\\\/\\\/www.uniservitate.org\\\/fr\\\/prix-uniservitate-2026\\\/\"]}]},{\"@type\":\"ImageObject\",\"inLanguage\":\"fr-FR\",\"@id\":\"https:\\\/\\\/www.uniservitate.org\\\/fr\\\/prix-uniservitate-2026\\\/#primaryimage\",\"url\":\"https:\\\/\\\/www.uniservitate.org\\\/wp-content\\\/uploads\\\/2026\\\/01\\\/banner_mobile_award2026_grande.jpg\",\"contentUrl\":\"https:\\\/\\\/www.uniservitate.org\\\/wp-content\\\/uploads\\\/2026\\\/01\\\/banner_mobile_award2026_grande.jpg\",\"width\":1080,\"height\":1350},{\"@type\":\"BreadcrumbList\",\"@id\":\"https:\\\/\\\/www.uniservitate.org\\\/fr\\\/prix-uniservitate-2026\\\/#breadcrumb\",\"itemListElement\":[{\"@type\":\"ListItem\",\"position\":1,\"name\":\"Home\",\"item\":\"https:\\\/\\\/www.uniservitate.org\\\/\"},{\"@type\":\"ListItem\",\"position\":2,\"name\":\"Prix Uniservitate 2026\"}]},{\"@type\":\"WebSite\",\"@id\":\"https:\\\/\\\/www.uniservitate.org\\\/#website\",\"url\":\"https:\\\/\\\/www.uniservitate.org\\\/\",\"name\":\"Uniservitate\",\"description\":\"Service-learning in Catholic Higher Education\",\"publisher\":{\"@id\":\"https:\\\/\\\/www.uniservitate.org\\\/#organization\"},\"potentialAction\":[{\"@type\":\"SearchAction\",\"target\":{\"@type\":\"EntryPoint\",\"urlTemplate\":\"https:\\\/\\\/www.uniservitate.org\\\/?s={search_term_string}\"},\"query-input\":{\"@type\":\"PropertyValueSpecification\",\"valueRequired\":true,\"valueName\":\"search_term_string\"}}],\"inLanguage\":\"fr-FR\"},{\"@type\":\"Organization\",\"@id\":\"https:\\\/\\\/www.uniservitate.org\\\/#organization\",\"name\":\"Uniservitate\",\"url\":\"https:\\\/\\\/www.uniservitate.org\\\/\",\"logo\":{\"@type\":\"ImageObject\",\"inLanguage\":\"fr-FR\",\"@id\":\"https:\\\/\\\/www.uniservitate.org\\\/#\\\/schema\\\/logo\\\/image\\\/\",\"url\":\"https:\\\/\\\/www.uniservitate.org\\\/wp-content\\\/uploads\\\/2021\\\/03\\\/logo.svg\",\"contentUrl\":\"https:\\\/\\\/www.uniservitate.org\\\/wp-content\\\/uploads\\\/2021\\\/03\\\/logo.svg\",\"width\":1,\"height\":1,\"caption\":\"Uniservitate\"},\"image\":{\"@id\":\"https:\\\/\\\/www.uniservitate.org\\\/#\\\/schema\\\/logo\\\/image\\\/\"}}]}<\/script>\n<!-- \/ Yoast SEO plugin. -->","yoast_head_json":{"title":"Prix Uniservitate 2026 - Uniservitate","robots":{"index":"index","follow":"follow","max-snippet":"max-snippet:-1","max-image-preview":"max-image-preview:large","max-video-preview":"max-video-preview:-1"},"canonical":"https:\/\/www.uniservitate.org\/fr\/prix-uniservitate-2026\/","og_locale":"fr_FR","og_type":"article","og_title":"Prix Uniservitate 2026 - Uniservitate","og_url":"https:\/\/www.uniservitate.org\/fr\/prix-uniservitate-2026\/","og_site_name":"Uniservitate","article_modified_time":"2026-03-08T21:24:23+00:00","og_image":[{"width":1080,"height":1350,"url":"https:\/\/www.uniservitate.org\/wp-content\/uploads\/2026\/01\/banner_mobile_award2026_grande.jpg","type":"image\/jpeg"}],"twitter_card":"summary_large_image","twitter_misc":{"Dur\u00e9e de lecture estim\u00e9e":"29 minutes"},"schema":{"@context":"https:\/\/schema.org","@graph":[{"@type":"WebPage","@id":"https:\/\/www.uniservitate.org\/fr\/prix-uniservitate-2026\/","url":"https:\/\/www.uniservitate.org\/fr\/prix-uniservitate-2026\/","name":"Prix Uniservitate 2026 - Uniservitate","isPartOf":{"@id":"https:\/\/www.uniservitate.org\/#website"},"primaryImageOfPage":{"@id":"https:\/\/www.uniservitate.org\/fr\/prix-uniservitate-2026\/#primaryimage"},"image":{"@id":"https:\/\/www.uniservitate.org\/fr\/prix-uniservitate-2026\/#primaryimage"},"thumbnailUrl":"https:\/\/www.uniservitate.org\/wp-content\/uploads\/2026\/01\/banner_mobile_award2026_grande.jpg","datePublished":"2026-03-08T21:13:43+00:00","dateModified":"2026-03-08T21:24:23+00:00","breadcrumb":{"@id":"https:\/\/www.uniservitate.org\/fr\/prix-uniservitate-2026\/#breadcrumb"},"inLanguage":"fr-FR","potentialAction":[{"@type":"ReadAction","target":["https:\/\/www.uniservitate.org\/fr\/prix-uniservitate-2026\/"]}]},{"@type":"ImageObject","inLanguage":"fr-FR","@id":"https:\/\/www.uniservitate.org\/fr\/prix-uniservitate-2026\/#primaryimage","url":"https:\/\/www.uniservitate.org\/wp-content\/uploads\/2026\/01\/banner_mobile_award2026_grande.jpg","contentUrl":"https:\/\/www.uniservitate.org\/wp-content\/uploads\/2026\/01\/banner_mobile_award2026_grande.jpg","width":1080,"height":1350},{"@type":"BreadcrumbList","@id":"https:\/\/www.uniservitate.org\/fr\/prix-uniservitate-2026\/#breadcrumb","itemListElement":[{"@type":"ListItem","position":1,"name":"Home","item":"https:\/\/www.uniservitate.org\/"},{"@type":"ListItem","position":2,"name":"Prix Uniservitate 2026"}]},{"@type":"WebSite","@id":"https:\/\/www.uniservitate.org\/#website","url":"https:\/\/www.uniservitate.org\/","name":"Uniservitate","description":"Service-learning in Catholic Higher Education","publisher":{"@id":"https:\/\/www.uniservitate.org\/#organization"},"potentialAction":[{"@type":"SearchAction","target":{"@type":"EntryPoint","urlTemplate":"https:\/\/www.uniservitate.org\/?s={search_term_string}"},"query-input":{"@type":"PropertyValueSpecification","valueRequired":true,"valueName":"search_term_string"}}],"inLanguage":"fr-FR"},{"@type":"Organization","@id":"https:\/\/www.uniservitate.org\/#organization","name":"Uniservitate","url":"https:\/\/www.uniservitate.org\/","logo":{"@type":"ImageObject","inLanguage":"fr-FR","@id":"https:\/\/www.uniservitate.org\/#\/schema\/logo\/image\/","url":"https:\/\/www.uniservitate.org\/wp-content\/uploads\/2021\/03\/logo.svg","contentUrl":"https:\/\/www.uniservitate.org\/wp-content\/uploads\/2021\/03\/logo.svg","width":1,"height":1,"caption":"Uniservitate"},"image":{"@id":"https:\/\/www.uniservitate.org\/#\/schema\/logo\/image\/"}}]}},"_links":{"self":[{"href":"https:\/\/www.uniservitate.org\/fr\/wp-json\/wp\/v2\/pages\/20644","targetHints":{"allow":["GET"]}}],"collection":[{"href":"https:\/\/www.uniservitate.org\/fr\/wp-json\/wp\/v2\/pages"}],"about":[{"href":"https:\/\/www.uniservitate.org\/fr\/wp-json\/wp\/v2\/types\/page"}],"author":[{"embeddable":true,"href":"https:\/\/www.uniservitate.org\/fr\/wp-json\/wp\/v2\/users\/16"}],"replies":[{"embeddable":true,"href":"https:\/\/www.uniservitate.org\/fr\/wp-json\/wp\/v2\/comments?post=20644"}],"version-history":[{"count":6,"href":"https:\/\/www.uniservitate.org\/fr\/wp-json\/wp\/v2\/pages\/20644\/revisions"}],"predecessor-version":[{"id":20811,"href":"https:\/\/www.uniservitate.org\/fr\/wp-json\/wp\/v2\/pages\/20644\/revisions\/20811"}],"wp:featuredmedia":[{"embeddable":true,"href":"https:\/\/www.uniservitate.org\/fr\/wp-json\/wp\/v2\/media\/20649"}],"wp:attachment":[{"href":"https:\/\/www.uniservitate.org\/fr\/wp-json\/wp\/v2\/media?parent=20644"}],"curies":[{"name":"wp","href":"https:\/\/api.w.org\/{rel}","templated":true}]}}