{"id":11386,"date":"2022-11-24T13:06:37","date_gmt":"2022-11-24T16:06:37","guid":{"rendered":"https:\/\/www.uniservitate.org\/?page_id=11386"},"modified":"2022-11-24T13:06:37","modified_gmt":"2022-11-24T16:06:37","slug":"publications","status":"publish","type":"page","link":"https:\/\/www.uniservitate.org\/fr\/publications\/","title":{"rendered":"PUBLICATIONS"},"content":{"rendered":"<div class=\"row align-center\"  id=\"row-2047410150\">\n\n\t<div id=\"col-316298927\" class=\"col medium-10 small-12 large-10\"  >\n\t\t\t\t<div class=\"col-inner\"  >\n\t\t\t\n\t\t\t\n\t<div id=\"text-3346796590\" class=\"text titulares\">\n\t\t\n<h5>ENSEIGNEMENT SUP\u00c9RIEUR<\/h5>\n<h2 class=\"uppercase\" style=\"margin: 0 0 10px 0;\">PUBLICATIONS<\/h2>\n<p>Un point de rep\u00e8re sur la th\u00e9orie et la pratique de l\u2019apprentissage-service, sur sa dimension spirituelle ainsi que sur ses expressions culturelles et institutionnelles multiples. <\/p>\n\t\t\n<style>\n#text-3346796590 {\n  font-size: 0.9rem;\n  text-align: center;\n  color: #666666;\n}\n#text-3346796590 > * {\n  color: #666666;\n}\n<\/style>\n\t<\/div>\n\t\n\t\t<\/div>\n\t\t\t\t\n<style>\n#col-316298927 > .col-inner {\n  padding: 60px 0px 0px 0px;\n}\n<\/style>\n\t<\/div>\n\n\t\n<\/div>\n<div class=\"row\" style=\"max-width:1200px\" id=\"row-1250866968\">\n\n\t<div id=\"col-1222717117\" class=\"col small-12 large-12\"  >\n\t\t\t\t<div class=\"col-inner\"  >\n\t\t\t\n\t\t\t\n\n  <div class=\"banner has-hover hide-for-small\" id=\"banner-984605583\">\n          <div class=\"banner-inner fill\">\n        <div class=\"banner-bg fill\" >\n            <img loading=\"lazy\" decoding=\"async\" width=\"1920\" height=\"420\" src=\"https:\/\/www.uniservitate.org\/wp-content\/uploads\/2022\/11\/UNISERVITATE-Banner-home-1920x420-FRA.jpg\" class=\"bg attachment-original size-original\" alt=\"\" \/>                                    \n                    <\/div>\n\t\t\n        <div class=\"banner-layers container\">\n            <div class=\"fill banner-link\"><\/div>            \n   <div id=\"text-box-14855736\" class=\"text-box banner-layer hidden x50 md-x50 lg-x50 y50 md-y50 lg-y50 res-text\">\n                                <div class=\"text-box-content text dark\">\n              \n              <div class=\"text-inner text-center\">\n                  \n\t<div id=\"text-494013803\" class=\"text\">\n\t\t\n<h2 class=\"uppercase\" style=\"text-align: center;\"><strong>UNISERVITATE Collection<\/strong><\/h2>\n\t\t\n<style>\n#text-494013803 {\n  text-align: center;\n}\n<\/style>\n\t<\/div>\n\t\n              <\/div>\n           <\/div>\n                            \n<style>\n#text-box-14855736 {\n  width: 60%;\n}\n#text-box-14855736 .text-box-content {\n  font-size: 100%;\n}\n<\/style>\n    <\/div>\n \n        <\/div>\n      <\/div>\n\n            \n<style>\n#banner-984605583 {\n  padding-top: 80%;\n}\n@media (min-width:550px) {\n  #banner-984605583 {\n    padding-top: 22%;\n  }\n}\n<\/style>\n  <\/div>\n\n\n\n  <div class=\"banner has-hover show-for-small\" id=\"banner-2083450054\">\n          <div class=\"banner-inner fill\">\n        <div class=\"banner-bg fill\" >\n            <img loading=\"lazy\" decoding=\"async\" width=\"745\" height=\"443\" src=\"https:\/\/www.uniservitate.org\/wp-content\/uploads\/2021\/06\/UNISERVITATE-Header-Publicaciones-745x443-ENG-1.jpg\" class=\"bg attachment-original size-original\" alt=\"UNISERVITATE Header Publicaciones\" \/>                                    \n                    <\/div>\n\t\t\n        <div class=\"banner-layers container\">\n            <div class=\"fill banner-link\"><\/div>            \n   <div id=\"text-box-628315802\" class=\"text-box banner-layer hidden x50 md-x50 lg-x50 y50 md-y50 lg-y50 res-text\">\n                                <div class=\"text-box-content text dark\">\n              \n              <div class=\"text-inner text-center\">\n                  \n\t<div id=\"text-283840553\" class=\"text\">\n\t\t\n<h2 class=\"uppercase\" style=\"text-align: center;\"><strong>UNISERVITATE Collection<\/strong><\/h2>\n\t\t\n<style>\n#text-283840553 {\n  text-align: center;\n}\n<\/style>\n\t<\/div>\n\t\n              <\/div>\n           <\/div>\n                            \n<style>\n#text-box-628315802 {\n  width: 60%;\n}\n#text-box-628315802 .text-box-content {\n  font-size: 100%;\n}\n<\/style>\n    <\/div>\n \n        <\/div>\n      <\/div>\n\n            \n<style>\n#banner-2083450054 {\n  padding-top: 56%;\n}\n@media (min-width:550px) {\n  #banner-2083450054 {\n    padding-top: 22%;\n  }\n}\n<\/style>\n  <\/div>\n\n\n\t\t<\/div>\n\t\t\t\t\n<style>\n#col-1222717117 > .col-inner {\n  margin: -30px 0px 0px 0px;\n}\n<\/style>\n\t<\/div>\n\n\t\n\n\t<div id=\"col-987751012\" class=\"col small-12 large-12\"  >\n\t\t\t\t<div class=\"col-inner\"  >\n\t\t\t\n\t\t\t\n<p><span style=\"font-weight: 400;\">La collection Uniservitate est compos\u00e9e d\u2019une s\u00e9rie d\u2019ouvrages num\u00e9riques \u00e0 l\u2019acc\u00e8s gratuit, \u00e9crits par des auteurs remarquables de tout le monde sur la p\u00e9dagogie de l\u2019apprentissage-service dans l\u2019enseignement sup\u00e9rieur.<\/span><\/p>\n<p><span style=\"font-weight: 400;\">Son objectif consiste \u00e0 exprimer et \u00e0 renforcer le dialogue multiculturel, interreligieux et pluraliste.\u00a0<\/span><\/p>\n<p><span style=\"font-weight: 400;\">Elle s\u2019adresse \u00e0 des enseignants, des chercheurs, des autorit\u00e9s et des \u00e9tudiants des institutions de l\u2019enseignement sup\u00e9rieur, notamment de l\u2019enseignement sup\u00e9rieur catholique, mais elle est ouverte aux sp\u00e9cialistes de l&rsquo;apprentissage-service solidaire et au public en g\u00e9n\u00e9ral s\u2019int\u00e9ressant \u00e0 l\u2019\u00e9ducation et au changement social. <\/span><\/p>\n\t\t<\/div>\n\t\t\t\t\n<style>\n#col-987751012 > .col-inner {\n  margin: -25px 0px 0px 0px;\n}\n<\/style>\n\t<\/div>\n\n\t\n\n\t<div id=\"col-683854039\" class=\"col small-12 large-12\"  >\n\t\t\t\t<div class=\"col-inner\"  >\n\t\t\t\n\t\t\t\n\t<div id=\"text-4028083208\" class=\"text\">\n\t\t\n<h2 class=\"uppercase\">NOUVEAU LANCEMENT<\/h2>\n\t\t\n<style>\n#text-4028083208 {\n  color: rgb(56, 102, 127);\n}\n#text-4028083208 > * {\n  color: rgb(56, 102, 127);\n}\n<\/style>\n\t<\/div>\n\t\n\n  \n    <div class=\"row large-columns-1 medium-columns-1 small-columns-1 row-collapse row-full-width\" >\n  <div class=\"col post-item\" >\n\t\t\t<div class=\"col-inner\">\n\t\t\t\t<div class=\"box box-vertical box-text-bottom box-blog-post has-hover\">\n            \t\t\t\t\t<div class=\"box-image\" style=\"width:43%;\">\n  \t\t\t\t\t\t<div class=\"image-cover\" style=\"padding-top:100%;\">\n\t\t\t\t\t\t\t<a href=\"https:\/\/www.uniservitate.org\/fr\/2022\/11\/22\/la-pedagogie-de-lapprentissage-service-et-les-enseignements-de-leglise-catholique\/\" class=\"plain\" aria-label=\"La p\u00e9dagogie de l\u2019apprentissage-service et les enseignements de l\u2019\u00c9glise catholique\">\n\t\t\t\t\t\t\t\t<img loading=\"lazy\" decoding=\"async\" width=\"600\" height=\"600\" src=\"https:\/\/www.uniservitate.org\/wp-content\/uploads\/2021\/10\/02-Pedagogi\u0301a-del-Aprendizaje-servicio-Tapa-Mockup-ENG-1-600x600.jpg\" class=\"attachment-medium size-medium wp-post-image\" alt=\"\" srcset=\"https:\/\/www.uniservitate.org\/wp-content\/uploads\/2021\/10\/02-Pedagogi\u0301a-del-Aprendizaje-servicio-Tapa-Mockup-ENG-1-600x600.jpg 600w, https:\/\/www.uniservitate.org\/wp-content\/uploads\/2021\/10\/02-Pedagogi\u0301a-del-Aprendizaje-servicio-Tapa-Mockup-ENG-1-200x200.jpg 200w, https:\/\/www.uniservitate.org\/wp-content\/uploads\/2021\/10\/02-Pedagogi\u0301a-del-Aprendizaje-servicio-Tapa-Mockup-ENG-1-768x768.jpg 768w, https:\/\/www.uniservitate.org\/wp-content\/uploads\/2021\/10\/02-Pedagogi\u0301a-del-Aprendizaje-servicio-Tapa-Mockup-ENG-1-300x300.jpg 300w, https:\/\/www.uniservitate.org\/wp-content\/uploads\/2021\/10\/02-Pedagogi\u0301a-del-Aprendizaje-servicio-Tapa-Mockup-ENG-1.jpg 1000w\" sizes=\"auto, (max-width: 600px) 100vw, 600px\" \/>\t\t\t\t\t\t\t<\/a>\n  \t\t\t\t\t\t\t  \t\t\t\t\t\t\t  \t\t\t\t\t\t<\/div>\n  \t\t\t\t\t\t  \t\t\t\t\t<\/div>\n          \t\t\t\t\t<div class=\"box-text text-left is-large\" >\n\t\t\t\t\t<div class=\"box-text-inner blog-post-inner\">\n\n\t\t\t\t\t\n\t\t\t\t\t\t\t\t\t\t<h5 class=\"post-title is-large uppercase\">\n\t\t\t\t\t\t<a href=\"https:\/\/www.uniservitate.org\/fr\/2022\/11\/22\/la-pedagogie-de-lapprentissage-service-et-les-enseignements-de-leglise-catholique\/\" class=\"plain\">La p\u00e9dagogie de l\u2019apprentissage-service et les enseignements de l\u2019\u00c9glise catholique<\/a>\n\t\t\t\t\t<\/h5>\n\t\t\t\t\t\t\t\t\t\t<div class=\"is-divider\"><\/div>\n\t\t\t\t\t\t\t\t\t\t<p class=\"from_the_blog_excerpt \">\n\t\t\t\t\t\tA polyhedral text, an expression of different voices and an invitation to reflect on Higher Education.\t\t\t\t\t<\/p>\n\t\t\t\t\t                    \n\t\t\t\t\t\t\t\t\t\t\t<a href=\"https:\/\/www.uniservitate.org\/fr\/2022\/11\/22\/la-pedagogie-de-lapprentissage-service-et-les-enseignements-de-leglise-catholique\/\" class=\"button primary is-outline is-small mb-0\">\n\t\t\t\t\t\t\tView publication\t\t\t\t\t\t<\/a>\n\t\t\t\t\t\n\t\t\t\t\t\n\t\t\t\t\t<\/div>\n\t\t\t\t\t<\/div>\n\t\t\t\t\t\t\t\t\t<\/div>\n\t\t\t<\/div>\n\t\t<\/div><\/div>\n\n\n\n\t\t<\/div>\n\t\t\t\t\n<style>\n#col-683854039 > .col-inner {\n  margin: -51px 0px 0px 0px;\n}\n@media (min-width:550px) {\n  #col-683854039 > .col-inner {\n    margin: -25px 0px 0px 0px;\n  }\n}\n<\/style>\n\t<\/div>\n\n\t\n\n<style>\n#row-1250866968 > .col > .col-inner {\n  padding: 60px 0px 0px 0px;\n}\n<\/style>\n<\/div>\n\n\t<div id=\"gap-415362206\" class=\"gap-element clearfix\" style=\"display:block; height:auto;\">\n\t\t\n<style>\n#gap-415362206 {\n  padding-top: 30px;\n}\n<\/style>\n\t<\/div>\n\t\n","protected":false},"excerpt":{"rendered":"","protected":false},"author":1,"featured_media":0,"parent":0,"menu_order":54,"comment_status":"closed","ping_status":"closed","template":"","meta":{"_acf_changed":false,"iawp_total_views":39,"footnotes":""},"class_list":["post-11386","page","type-page","status-publish","hentry"],"acf":[],"yoast_head":"<!-- This site is optimized with the Yoast SEO plugin v27.4 - https:\/\/yoast.com\/product\/yoast-seo-wordpress\/ -->\n<title>PUBLICATIONS - Uniservitate<\/title>\n<meta name=\"robots\" content=\"index, follow, max-snippet:-1, max-image-preview:large, max-video-preview:-1\" \/>\n<link rel=\"canonical\" href=\"https:\/\/www.uniservitate.org\/fr\/publications\/\" \/>\n<meta property=\"og:locale\" content=\"fr_FR\" \/>\n<meta property=\"og:type\" content=\"article\" \/>\n<meta property=\"og:title\" content=\"PUBLICATIONS - Uniservitate\" \/>\n<meta property=\"og:url\" content=\"https:\/\/www.uniservitate.org\/fr\/publications\/\" \/>\n<meta property=\"og:site_name\" content=\"Uniservitate\" \/>\n<meta name=\"twitter:card\" content=\"summary_large_image\" \/>\n<meta name=\"twitter:label1\" content=\"Dur\u00e9e de lecture estim\u00e9e\" \/>\n\t<meta name=\"twitter:data1\" content=\"5 minutes\" \/>\n<script type=\"application\/ld+json\" class=\"yoast-schema-graph\">{\"@context\":\"https:\\\/\\\/schema.org\",\"@graph\":[{\"@type\":\"WebPage\",\"@id\":\"https:\\\/\\\/www.uniservitate.org\\\/fr\\\/publications\\\/\",\"url\":\"https:\\\/\\\/www.uniservitate.org\\\/fr\\\/publications\\\/\",\"name\":\"PUBLICATIONS - Uniservitate\",\"isPartOf\":{\"@id\":\"https:\\\/\\\/www.uniservitate.org\\\/#website\"},\"datePublished\":\"2022-11-24T16:06:37+00:00\",\"breadcrumb\":{\"@id\":\"https:\\\/\\\/www.uniservitate.org\\\/fr\\\/publications\\\/#breadcrumb\"},\"inLanguage\":\"fr-FR\",\"potentialAction\":[{\"@type\":\"ReadAction\",\"target\":[\"https:\\\/\\\/www.uniservitate.org\\\/fr\\\/publications\\\/\"]}]},{\"@type\":\"BreadcrumbList\",\"@id\":\"https:\\\/\\\/www.uniservitate.org\\\/fr\\\/publications\\\/#breadcrumb\",\"itemListElement\":[{\"@type\":\"ListItem\",\"position\":1,\"name\":\"Home\",\"item\":\"https:\\\/\\\/www.uniservitate.org\\\/\"},{\"@type\":\"ListItem\",\"position\":2,\"name\":\"PUBLICATIONS\"}]},{\"@type\":\"WebSite\",\"@id\":\"https:\\\/\\\/www.uniservitate.org\\\/#website\",\"url\":\"https:\\\/\\\/www.uniservitate.org\\\/\",\"name\":\"Uniservitate\",\"description\":\"Service-learning in Catholic Higher Education\",\"publisher\":{\"@id\":\"https:\\\/\\\/www.uniservitate.org\\\/#organization\"},\"potentialAction\":[{\"@type\":\"SearchAction\",\"target\":{\"@type\":\"EntryPoint\",\"urlTemplate\":\"https:\\\/\\\/www.uniservitate.org\\\/?s={search_term_string}\"},\"query-input\":{\"@type\":\"PropertyValueSpecification\",\"valueRequired\":true,\"valueName\":\"search_term_string\"}}],\"inLanguage\":\"fr-FR\"},{\"@type\":\"Organization\",\"@id\":\"https:\\\/\\\/www.uniservitate.org\\\/#organization\",\"name\":\"Uniservitate\",\"url\":\"https:\\\/\\\/www.uniservitate.org\\\/\",\"logo\":{\"@type\":\"ImageObject\",\"inLanguage\":\"fr-FR\",\"@id\":\"https:\\\/\\\/www.uniservitate.org\\\/#\\\/schema\\\/logo\\\/image\\\/\",\"url\":\"https:\\\/\\\/www.uniservitate.org\\\/wp-content\\\/uploads\\\/2021\\\/03\\\/logo.svg\",\"contentUrl\":\"https:\\\/\\\/www.uniservitate.org\\\/wp-content\\\/uploads\\\/2021\\\/03\\\/logo.svg\",\"width\":1,\"height\":1,\"caption\":\"Uniservitate\"},\"image\":{\"@id\":\"https:\\\/\\\/www.uniservitate.org\\\/#\\\/schema\\\/logo\\\/image\\\/\"}}]}<\/script>\n<!-- \/ Yoast SEO plugin. -->","yoast_head_json":{"title":"PUBLICATIONS - Uniservitate","robots":{"index":"index","follow":"follow","max-snippet":"max-snippet:-1","max-image-preview":"max-image-preview:large","max-video-preview":"max-video-preview:-1"},"canonical":"https:\/\/www.uniservitate.org\/fr\/publications\/","og_locale":"fr_FR","og_type":"article","og_title":"PUBLICATIONS - Uniservitate","og_url":"https:\/\/www.uniservitate.org\/fr\/publications\/","og_site_name":"Uniservitate","twitter_card":"summary_large_image","twitter_misc":{"Dur\u00e9e de lecture estim\u00e9e":"5 minutes"},"schema":{"@context":"https:\/\/schema.org","@graph":[{"@type":"WebPage","@id":"https:\/\/www.uniservitate.org\/fr\/publications\/","url":"https:\/\/www.uniservitate.org\/fr\/publications\/","name":"PUBLICATIONS - Uniservitate","isPartOf":{"@id":"https:\/\/www.uniservitate.org\/#website"},"datePublished":"2022-11-24T16:06:37+00:00","breadcrumb":{"@id":"https:\/\/www.uniservitate.org\/fr\/publications\/#breadcrumb"},"inLanguage":"fr-FR","potentialAction":[{"@type":"ReadAction","target":["https:\/\/www.uniservitate.org\/fr\/publications\/"]}]},{"@type":"BreadcrumbList","@id":"https:\/\/www.uniservitate.org\/fr\/publications\/#breadcrumb","itemListElement":[{"@type":"ListItem","position":1,"name":"Home","item":"https:\/\/www.uniservitate.org\/"},{"@type":"ListItem","position":2,"name":"PUBLICATIONS"}]},{"@type":"WebSite","@id":"https:\/\/www.uniservitate.org\/#website","url":"https:\/\/www.uniservitate.org\/","name":"Uniservitate","description":"Service-learning in Catholic Higher Education","publisher":{"@id":"https:\/\/www.uniservitate.org\/#organization"},"potentialAction":[{"@type":"SearchAction","target":{"@type":"EntryPoint","urlTemplate":"https:\/\/www.uniservitate.org\/?s={search_term_string}"},"query-input":{"@type":"PropertyValueSpecification","valueRequired":true,"valueName":"search_term_string"}}],"inLanguage":"fr-FR"},{"@type":"Organization","@id":"https:\/\/www.uniservitate.org\/#organization","name":"Uniservitate","url":"https:\/\/www.uniservitate.org\/","logo":{"@type":"ImageObject","inLanguage":"fr-FR","@id":"https:\/\/www.uniservitate.org\/#\/schema\/logo\/image\/","url":"https:\/\/www.uniservitate.org\/wp-content\/uploads\/2021\/03\/logo.svg","contentUrl":"https:\/\/www.uniservitate.org\/wp-content\/uploads\/2021\/03\/logo.svg","width":1,"height":1,"caption":"Uniservitate"},"image":{"@id":"https:\/\/www.uniservitate.org\/#\/schema\/logo\/image\/"}}]}},"_links":{"self":[{"href":"https:\/\/www.uniservitate.org\/fr\/wp-json\/wp\/v2\/pages\/11386","targetHints":{"allow":["GET"]}}],"collection":[{"href":"https:\/\/www.uniservitate.org\/fr\/wp-json\/wp\/v2\/pages"}],"about":[{"href":"https:\/\/www.uniservitate.org\/fr\/wp-json\/wp\/v2\/types\/page"}],"author":[{"embeddable":true,"href":"https:\/\/www.uniservitate.org\/fr\/wp-json\/wp\/v2\/users\/1"}],"replies":[{"embeddable":true,"href":"https:\/\/www.uniservitate.org\/fr\/wp-json\/wp\/v2\/comments?post=11386"}],"version-history":[{"count":2,"href":"https:\/\/www.uniservitate.org\/fr\/wp-json\/wp\/v2\/pages\/11386\/revisions"}],"predecessor-version":[{"id":11391,"href":"https:\/\/www.uniservitate.org\/fr\/wp-json\/wp\/v2\/pages\/11386\/revisions\/11391"}],"wp:attachment":[{"href":"https:\/\/www.uniservitate.org\/fr\/wp-json\/wp\/v2\/media?parent=11386"}],"curies":[{"name":"wp","href":"https:\/\/api.w.org\/{rel}","templated":true}]}}