{"id":8291,"date":"2022-02-16T11:40:54","date_gmt":"2022-02-16T14:40:54","guid":{"rendered":"https:\/\/www.uniservitate.org\/?page_id=8291"},"modified":"2022-04-06T12:26:13","modified_gmt":"2022-04-06T15:26:13","slug":"premio-preguntas-frecuentes","status":"publish","type":"page","link":"https:\/\/www.uniservitate.org\/es\/premio-2022\/premio-preguntas-frecuentes\/","title":{"rendered":"Premio &#8211; Preguntas Frecuentes"},"content":{"rendered":"<div class=\"row\"  id=\"row-806517644\">\n\n\t<div id=\"col-2025420557\" class=\"col small-12 large-12\"  >\n\t\t\t\t<div class=\"col-inner\"  >\n\t\t\t\n\t\t\t\n\t<div id=\"text-3576673836\" class=\"text\">\n\t\t\n<h2 class=\"uppercase\">PREMIO UNISERVITATE 2022Preguntas frecuentes<\/h2>\n\t\t\n<style>\n#text-3576673836 {\n  color: #38667f;\n}\n#text-3576673836 > * {\n  color: #38667f;\n}\n<\/style>\n\t<\/div>\n\t\n\t<div id=\"gap-1341356564\" class=\"gap-element clearfix\" style=\"display:block; height:auto;\">\n\t\t\n<style>\n#gap-1341356564 {\n  padding-top: 39px;\n}\n<\/style>\n\t<\/div>\n\t\n<div class=\"accordion\">\n\t<div id=\"accordion-4093198539\" class=\"accordion-item\">\n\t\t<a id=\"accordion-4093198539-label\" class=\"accordion-title plain\" href=\"#accordion-item-1.-\u00bfqui\u00e9nes-pueden-participar?\" aria-expanded=\"false\" aria-controls=\"accordion-4093198539-content\">\n\t\t\t<button class=\"toggle\" aria-label=\"Toggle\"><i class=\"icon-angle-down\" aria-hidden=\"true\"><\/i><\/button>\n\t\t\t<span>1. \u00bfQui\u00e9nes pueden participar?<\/span>\n\t\t<\/a>\n\t\t<div id=\"accordion-4093198539-content\" class=\"accordion-inner\" aria-labelledby=\"accordion-4093198539-label\">\n\t\t\t\n<p>Todas las Instituciones Cat\u00f3licas de Educaci\u00f3n Superior, universitaria y no universitaria, que hayan desarrollado o est\u00e9n desarrollando proyectos y\/o programas de aprendizaje y servicio solidario entre enero 2019 y abril 2022.<\/p>\n\t\t<\/div>\n\t<\/div>\n\t\n\t<div id=\"accordion-1670772169\" class=\"accordion-item\">\n\t\t<a id=\"accordion-1670772169-label\" class=\"accordion-title plain\" href=\"#accordion-item-2.-\u00bfqu\u00e9-se-entiende-por-\u201caprendizaje-servicio-solidario\u201d-(ayss)?\" aria-expanded=\"false\" aria-controls=\"accordion-1670772169-content\">\n\t\t\t<button class=\"toggle\" aria-label=\"Toggle\"><i class=\"icon-angle-down\" aria-hidden=\"true\"><\/i><\/button>\n\t\t\t<span>2. \u00bfQu\u00e9 se entiende por \u201caprendizaje-servicio solidario\u201d (AYSS)?<\/span>\n\t\t<\/a>\n\t\t<div id=\"accordion-1670772169-content\" class=\"accordion-inner\" aria-labelledby=\"accordion-1670772169-label\">\n\t\t\t\n<p>Entendemos por \u201caprendizaje-servicio solidario\u201d (AYSS) las experiencias, proyectos, pr\u00e1cticas, cursos o programas institucionales de servicio solidario con la comunidad, protagonizados activamente por los estudiantes, y articulados intencionadamente con los contenidos acad\u00e9micos y los programas de investigaci\u00f3n. Se trata de una propuesta pedag\u00f3gica que genera aprendizajes significativos, y permite el aprendizaje en base a problemas reales con el objetivo de ofrecer soluciones concretas, fortaleciendo una formaci\u00f3n integral.<br \/>\nLos proyectos de aprendizaje-servicio no s\u00f3lo contribuyen a atender variadas problem\u00e1ticas sociales y ambientales, sino que optimizan el desarrollo de conocimientos, competencias y actitudes al motivar a los estudiantes a indagar e involucrarse en forma solidaria con el contexto social.<\/p>\n\t\t<\/div>\n\t<\/div>\n\t\n\t<div id=\"accordion-1225754032\" class=\"accordion-item\">\n\t\t<a id=\"accordion-1225754032-label\" class=\"accordion-title plain\" href=\"#accordion-item-3.-\u00bfqu\u00e9-tipo-de-experiencias-pueden-postularse?\" aria-expanded=\"false\" aria-controls=\"accordion-1225754032-content\">\n\t\t\t<button class=\"toggle\" aria-label=\"Toggle\"><i class=\"icon-angle-down\" aria-hidden=\"true\"><\/i><\/button>\n\t\t\t<span>3. \u00bfQu\u00e9 tipo de experiencias pueden postularse?<\/span>\n\t\t<\/a>\n\t\t<div id=\"accordion-1225754032-content\" class=\"accordion-inner\" aria-labelledby=\"accordion-1225754032-label\">\n\t\t\t\n<p>Todas aquellas experiencias que pongan en juego los conocimientos acad\u00e9micos y formativos (de c\u00e1tedras o grados,  investigaci\u00f3n, extensi\u00f3n o compromiso social y\/o pastorales) al servicio de las necesidades reales y sentidas de la comunidad. Ya sea que est\u00e9n organizadas como pr\u00e1cticas, proyectos, cursos y\/o programas institucionales bajo las diferentes denominaciones que se detallan a continuaci\u00f3n:<br \/>\nExtensi\u00f3n, Vinculaci\u00f3n con el Medio, Proyecci\u00f3n social, Compromiso social, Compromiso comunitario, Compromiso c\u00edvico, Responsabilidad Social Universitaria, Investigaci\u00f3n comprometida, Investigaci\u00f3n-Acci\u00f3n Participativa, Misi\u00f3n e identidad institucional, Pastoral Universitaria, Aprendizaje-Servicio, Servicio extra-curricular, Voluntariado, u Otras.<\/p>\n\t\t<\/div>\n\t<\/div>\n\t\n\t<div id=\"accordion-1375349249\" class=\"accordion-item\">\n\t\t<a id=\"accordion-1375349249-label\" class=\"accordion-title plain\" href=\"#accordion-item-4.-\u00bfc\u00f3mo-puedo-presentar-el-proyecto-de-mi-instituci\u00f3n?\" aria-expanded=\"false\" aria-controls=\"accordion-1375349249-content\">\n\t\t\t<button class=\"toggle\" aria-label=\"Toggle\"><i class=\"icon-angle-down\" aria-hidden=\"true\"><\/i><\/button>\n\t\t\t<span>4. \u00bfC\u00f3mo puedo presentar el proyecto de mi instituci\u00f3n?<\/span>\n\t\t<\/a>\n\t\t<div id=\"accordion-1375349249-content\" class=\"accordion-inner\" aria-labelledby=\"accordion-1375349249-label\">\n\t\t\t\n<p>Completando el formulario de postulaci\u00f3n que se encuentra disponible en <a href=\"http:\/\/www.uniservitate.org.ar\/es\/premio\">www.uniservitate.org.ar\/es\/premio<\/a> a trav\u00e9s del bot\u00f3n Postul\u00e1 tu experiencia .<\/p>\n\t\t<\/div>\n\t<\/div>\n\t\n\t<div id=\"accordion-1644795367\" class=\"accordion-item\">\n\t\t<a id=\"accordion-1644795367-label\" class=\"accordion-title plain\" href=\"#accordion-item-5.-\u00bfpara-postular-el-proyecto-puedo-enviarlo-por-mail?\" aria-expanded=\"false\" aria-controls=\"accordion-1644795367-content\">\n\t\t\t<button class=\"toggle\" aria-label=\"Toggle\"><i class=\"icon-angle-down\" aria-hidden=\"true\"><\/i><\/button>\n\t\t\t<span>5. \u00bfPara postular el proyecto puedo enviarlo por mail?<\/span>\n\t\t<\/a>\n\t\t<div id=\"accordion-1644795367-content\" class=\"accordion-inner\" aria-labelledby=\"accordion-1644795367-label\">\n\t\t\t\n<p>La presentaci\u00f3n del proyecto deber\u00e1 realizarse a trav\u00e9s del formulario de postulaci\u00f3n online. Aquellas instituciones que tengan problemas con el acceso a Internet pueden enviar un mail a <a href=\"mailto:award@uniservitate.org\">award@uniservitate.org<\/a> para que podamos ayudarlas a realizar la postulaci\u00f3n correctamente.<\/p>\n\t\t<\/div>\n\t<\/div>\n\t\n\t<div id=\"accordion-2107476007\" class=\"accordion-item\">\n\t\t<a id=\"accordion-2107476007-label\" class=\"accordion-title plain\" href=\"#accordion-item-6.-\u00bfdebo-responder-todas-las-preguntas-de-la-ficha-de-postulaci\u00f3n-para-poder-participar?\" aria-expanded=\"false\" aria-controls=\"accordion-2107476007-content\">\n\t\t\t<button class=\"toggle\" aria-label=\"Toggle\"><i class=\"icon-angle-down\" aria-hidden=\"true\"><\/i><\/button>\n\t\t\t<span>6. \u00bfDebo responder todas las preguntas de la ficha de postulaci\u00f3n para poder participar?<\/span>\n\t\t<\/a>\n\t\t<div id=\"accordion-2107476007-content\" class=\"accordion-inner\" aria-labelledby=\"accordion-2107476007-label\">\n\t\t\t\n<p>A fin de poder evaluar correctamente la iniciativa, hay algunas preguntas que son de car\u00e1cter obligatorio. Aconsejamos contestar TODAS las preguntas del formulario, para que el jurado comprenda el proyecto en su totalidad y cuente con las herramientas necesarias para realizar una mejor evaluaci\u00f3n.<\/p>\n\t\t<\/div>\n\t<\/div>\n\t\n\t<div id=\"accordion-3192330280\" class=\"accordion-item\">\n\t\t<a id=\"accordion-3192330280-label\" class=\"accordion-title plain\" href=\"#accordion-item-7.-\u00bfhasta-cu\u00e1ndo-tengo-tiempo-de-presentar-una-experiencia?\" aria-expanded=\"false\" aria-controls=\"accordion-3192330280-content\">\n\t\t\t<button class=\"toggle\" aria-label=\"Toggle\"><i class=\"icon-angle-down\" aria-hidden=\"true\"><\/i><\/button>\n\t\t\t<span>7. \u00bfHasta cu\u00e1ndo tengo tiempo de presentar una experiencia?<\/span>\n\t\t<\/a>\n\t\t<div id=\"accordion-3192330280-content\" class=\"accordion-inner\" aria-labelledby=\"accordion-3192330280-label\">\n\t\t\t\n<p>El plazo m\u00e1ximo para postular el proyecto ser\u00e1 el lunes 02 de mayo de 2022, a las 11.59 p.m. Aconsejamos a las instituciones NO esperar a \u00faltimo momento para subir online sus experiencias ya que pueden surgirles inconvenientes con la conexi\u00f3n a Internet que imposibiliten cargar la ficha correctamente. No se tomar\u00e1n en cuenta los formularios de postulaci\u00f3n recibidos con posterioridad al d\u00eda y hora anteriormente mencionados.<\/p>\n\t\t<\/div>\n\t<\/div>\n\t\n\t<div id=\"accordion-500737760\" class=\"accordion-item\">\n\t\t<a id=\"accordion-500737760-label\" class=\"accordion-title plain\" href=\"#accordion-item-8.-\u00bfse-puede-enviar-material-complementario-como-fotos-y-videos?\" aria-expanded=\"false\" aria-controls=\"accordion-500737760-content\">\n\t\t\t<button class=\"toggle\" aria-label=\"Toggle\"><i class=\"icon-angle-down\" aria-hidden=\"true\"><\/i><\/button>\n\t\t\t<span>8. \u00bfSe puede enviar material complementario como fotos y videos?<\/span>\n\t\t<\/a>\n\t\t<div id=\"accordion-500737760-content\" class=\"accordion-inner\" aria-labelledby=\"accordion-500737760-label\">\n\t\t\t\n<p>Si, dentro del formulario de postulaci\u00f3n se contempla un espacio donde se pueden adjuntar archivos y links que respalden y testimonien las experiencias presentadas. Por favor, aseg\u00farense que sean links de libre acceso o archivos abiertos de lo contrario no podr\u00e1n ser considerados.<\/p>\n\t\t<\/div>\n\t<\/div>\n\t\n\t<div id=\"accordion-475195692\" class=\"accordion-item\">\n\t\t<a id=\"accordion-475195692-label\" class=\"accordion-title plain\" href=\"#accordion-item-9.-colaboro-con-una-universidad-como-voluntario-\u00bfpuedo-postular-un-proyecto-de-esta-instituci\u00f3n?\" aria-expanded=\"false\" aria-controls=\"accordion-475195692-content\">\n\t\t\t<button class=\"toggle\" aria-label=\"Toggle\"><i class=\"icon-angle-down\" aria-hidden=\"true\"><\/i><\/button>\n\t\t\t<span>9. Colaboro con una universidad como voluntario \u00bfPuedo postular un proyecto de esta instituci\u00f3n?<\/span>\n\t\t<\/a>\n\t\t<div id=\"accordion-475195692-content\" class=\"accordion-inner\" aria-labelledby=\"accordion-475195692-label\">\n\t\t\t\n<p>El proyecto deber\u00e1 ser postulado por un docente\/directivo de la instituci\u00f3n que lleva a cabo la iniciativa. De todas formas, el voluntario puede participar incentivando y ayudando en la presentaci\u00f3n del mismo para completar el formulario y responder las preguntas.<\/p>\n\t\t<\/div>\n\t<\/div>\n\t\n\t<div id=\"accordion-890273275\" class=\"accordion-item\">\n\t\t<a id=\"accordion-890273275-label\" class=\"accordion-title plain\" href=\"#accordion-item-10.-\u00bfse-puede-presentar-m\u00e1s-de-un-proyecto-por-universidad?\" aria-expanded=\"false\" aria-controls=\"accordion-890273275-content\">\n\t\t\t<button class=\"toggle\" aria-label=\"Toggle\"><i class=\"icon-angle-down\" aria-hidden=\"true\"><\/i><\/button>\n\t\t\t<span>10. \u00bfSe puede presentar m\u00e1s de un proyecto por universidad?<\/span>\n\t\t<\/a>\n\t\t<div id=\"accordion-890273275-content\" class=\"accordion-inner\" aria-labelledby=\"accordion-890273275-label\">\n\t\t\t\n<p>Las instituciones educativas participantes podr\u00e1n postular m\u00e1s de un proyecto, completando un formulario por cada experiencia presentada.<\/p>\n\t\t<\/div>\n\t<\/div>\n\t\n\t<div id=\"accordion-139370738\" class=\"accordion-item\">\n\t\t<a id=\"accordion-139370738-label\" class=\"accordion-title plain\" href=\"#accordion-item-11.-\u00bfcu\u00e1ntos-docentes\/miembros-de-la-comunidad-educativa-deben-estar-involucrados-en-la-experiencia?\" aria-expanded=\"false\" aria-controls=\"accordion-139370738-content\">\n\t\t\t<button class=\"toggle\" aria-label=\"Toggle\"><i class=\"icon-angle-down\" aria-hidden=\"true\"><\/i><\/button>\n\t\t\t<span>11. \u00bfCu\u00e1ntos docentes\/miembros de la comunidad educativa deben estar involucrados en la experiencia?<\/span>\n\t\t<\/a>\n\t\t<div id=\"accordion-139370738-content\" class=\"accordion-inner\" aria-labelledby=\"accordion-139370738-label\">\n\t\t\t\n<p>Es condici\u00f3n necesaria contar con un equipo de trabajo que lleve adelante el proyecto, es decir, que exista m\u00e1s de un docente o miembro de la comunidad educativa involucrado en su ejecuci\u00f3n.<\/p>\n\t\t<\/div>\n\t<\/div>\n\t\n\t<div id=\"accordion-4042139216\" class=\"accordion-item\">\n\t\t<a id=\"accordion-4042139216-label\" class=\"accordion-title plain\" href=\"#accordion-item-12.-\u00bfcu\u00e1ndo-deber\u00e1n-haberse-iniciado-los-proyectos?\" aria-expanded=\"false\" aria-controls=\"accordion-4042139216-content\">\n\t\t\t<button class=\"toggle\" aria-label=\"Toggle\"><i class=\"icon-angle-down\" aria-hidden=\"true\"><\/i><\/button>\n\t\t\t<span>12. \u00bfCu\u00e1ndo deber\u00e1n haberse iniciado los proyectos?<\/span>\n\t\t<\/a>\n\t\t<div id=\"accordion-4042139216-content\" class=\"accordion-inner\" aria-labelledby=\"accordion-4042139216-label\">\n\t\t\t\n<p>Deber\u00e1n haberse iniciado entre enero 2019 y abril 2022.<\/p>\n\t\t<\/div>\n\t<\/div>\n\t\n\t<div id=\"accordion-2829808681\" class=\"accordion-item\">\n\t\t<a id=\"accordion-2829808681-label\" class=\"accordion-title plain\" href=\"#accordion-item-13.-\u00bfpara-qu\u00e9-debe-ser-utilizado-el-dinero-del-premio?\" aria-expanded=\"false\" aria-controls=\"accordion-2829808681-content\">\n\t\t\t<button class=\"toggle\" aria-label=\"Toggle\"><i class=\"icon-angle-down\" aria-hidden=\"true\"><\/i><\/button>\n\t\t\t<span>13. \u00bfPara qu\u00e9 debe ser utilizado el dinero del Premio?<\/span>\n\t\t<\/a>\n\t\t<div id=\"accordion-2829808681-content\" class=\"accordion-inner\" aria-labelledby=\"accordion-2829808681-label\">\n\t\t\t\n<p>Las autoridades de la instituci\u00f3n deber\u00e1n detallar el destino espec\u00edfico que se comprometen a dar al reconocimiento econ\u00f3mico del Premio, en caso de obtenerlo. \u00c9ste ser\u00e1 entregado a la unidad acad\u00e9mica ganadora, con el fin de desarrollar y extender la experiencia presentada, o para el inicio de una nueva. Los recursos no podr\u00e1n ser utilizados para el pago de salarios ni gastos corrientes de las instituciones.<\/p>\n\t\t<\/div>\n\t<\/div>\n\t\n\t<div id=\"accordion-2322335348\" class=\"accordion-item\">\n\t\t<a id=\"accordion-2322335348-label\" class=\"accordion-title plain\" href=\"#accordion-item-14.-\u00bfcu\u00e1ndo-se-conocer\u00e1n-los-ganadores?\" aria-expanded=\"false\" aria-controls=\"accordion-2322335348-content\">\n\t\t\t<button class=\"toggle\" aria-label=\"Toggle\"><i class=\"icon-angle-down\" aria-hidden=\"true\"><\/i><\/button>\n\t\t\t<span>14. \u00bfCu\u00e1ndo se conocer\u00e1n los ganadores?<\/span>\n\t\t<\/a>\n\t\t<div id=\"accordion-2322335348-content\" class=\"accordion-inner\" aria-labelledby=\"accordion-2322335348-label\">\n\t\t\t\n<p>A fines del mes de julio de 2022 se dar\u00e1n a conocer los ganadores.<\/p>\n\t\t<\/div>\n\t<\/div>\n\t\n\t<div id=\"accordion-708604837\" class=\"accordion-item\">\n\t\t<a id=\"accordion-708604837-label\" class=\"accordion-title plain\" href=\"#accordion-item-15.-pertenezco-a-una-universidad-y\/o-instituto-superior-de-inspiraci\u00f3n-cat\u00f3lica,-pero-no-es-pontificia-ni-congregacional,-ni-vinculada-a-la-iglesia-local-\u00bfpuedo-postular-nuestra-experiencia?\" aria-expanded=\"false\" aria-controls=\"accordion-708604837-content\">\n\t\t\t<button class=\"toggle\" aria-label=\"Toggle\"><i class=\"icon-angle-down\" aria-hidden=\"true\"><\/i><\/button>\n\t\t\t<span>15. Pertenezco a una universidad y\/o instituto superior de inspiraci\u00f3n cat\u00f3lica, pero no es pontificia ni congregacional, ni vinculada a la iglesia local \u00bfpuedo postular nuestra experiencia?<\/span>\n\t\t<\/a>\n\t\t<div id=\"accordion-708604837-content\" class=\"accordion-inner\" aria-labelledby=\"accordion-708604837-label\">\n\t\t\t\n<p><strong>Si.<\/strong> Pueden postularse todas las universidades y\/o institutos que adhieran al pontificado de Roma.<\/p>\n\t\t<\/div>\n\t<\/div>\n\t\n<\/div>\n<div class=\"accordion\">\n\t<div id=\"accordion-703942924\" class=\"accordion-item\">\n\t\t<a id=\"accordion-703942924-label\" class=\"accordion-title plain\" href=\"#accordion-item-16.-\u00bfpuede-completarse-el-formulario-de-postulaci\u00f3n-en-cualquier-idioma?\" aria-expanded=\"false\" aria-controls=\"accordion-703942924-content\">\n\t\t\t<button class=\"toggle\" aria-label=\"Toggle\"><i class=\"icon-angle-down\" aria-hidden=\"true\"><\/i><\/button>\n\t\t\t<span>16. \u00bfPuede completarse el formulario de postulaci\u00f3n en cualquier idioma?<\/span>\n\t\t<\/a>\n\t\t<div id=\"accordion-703942924-content\" class=\"accordion-inner\" aria-labelledby=\"accordion-703942924-label\">\n\t\t\t\n<p>Solo se aceptar\u00e1n formularios completados en ingl\u00e9s, espa\u00f1ol y franc\u00e9s.<\/p>\n\t\t<\/div>\n\t<\/div>\n\t\n\t<div id=\"accordion-1831560943\" class=\"accordion-item\">\n\t\t<a id=\"accordion-1831560943-label\" class=\"accordion-title plain\" href=\"#accordion-item-17.-cerr\u00e9-el-formulario-de-postulaci\u00f3n-\u00bfpuedo-hacer-nuevos-cambios?\" aria-expanded=\"false\" aria-controls=\"accordion-1831560943-content\">\n\t\t\t<button class=\"toggle\" aria-label=\"Toggle\"><i class=\"icon-angle-down\" aria-hidden=\"true\"><\/i><\/button>\n\t\t\t<span>17. Cerr\u00e9 el formulario de postulaci\u00f3n \u00bfpuedo hacer nuevos cambios?<\/span>\n\t\t<\/a>\n\t\t<div id=\"accordion-1831560943-content\" class=\"accordion-inner\" aria-labelledby=\"accordion-1831560943-label\">\n\t\t\t\n<p><strong>No,<\/strong> para poder realizar cambios o modificaciones debe seleccionar la opci\u00f3n \u201cguardar su respuesta\u201d. Una vez que el postulante seleccion\u00f3 la opci\u00f3n \u201cEnviar\u201d ya no podr\u00e1 realizar nuevos cambios.<\/p>\n\t\t<\/div>\n\t<\/div>\n\t\n<\/div>\n\t<div id=\"gap-1020381953\" class=\"gap-element clearfix\" style=\"display:block; height:auto;\">\n\t\t\n<style>\n#gap-1020381953 {\n  padding-top: 39px;\n}\n<\/style>\n\t<\/div>\n\t\n<a href=\"\/es\/premio\" class=\"button primary\" >\n\t\t<span>Volver a p\u00e1gina de premio<\/span>\n\t<i class=\"icon-angle-right\" aria-hidden=\"true\"><\/i><\/a>\n\n\t\t<\/div>\n\t\t\t\t\n<style>\n#col-2025420557 > .col-inner {\n  padding: 90px 0px 0px 0px;\n}\n<\/style>\n\t<\/div>\n\n\t\n<\/div>\n","protected":false},"excerpt":{"rendered":"","protected":false},"author":1,"featured_media":0,"parent":8163,"menu_order":0,"comment_status":"closed","ping_status":"closed","template":"","meta":{"_acf_changed":false,"iawp_total_views":21,"footnotes":""},"class_list":["post-8291","page","type-page","status-publish","hentry"],"acf":[],"yoast_head":"<!-- This site is optimized with the Yoast SEO plugin v27.4 - https:\/\/yoast.com\/product\/yoast-seo-wordpress\/ -->\n<title>Premio - Preguntas Frecuentes - Uniservitate<\/title>\n<meta name=\"robots\" content=\"index, follow, max-snippet:-1, max-image-preview:large, max-video-preview:-1\" \/>\n<link rel=\"canonical\" href=\"https:\/\/www.uniservitate.org\/es\/premio-2022\/premio-preguntas-frecuentes\/\" \/>\n<meta property=\"og:locale\" content=\"es_ES\" \/>\n<meta property=\"og:type\" content=\"article\" \/>\n<meta property=\"og:title\" content=\"Premio - Preguntas Frecuentes - Uniservitate\" \/>\n<meta property=\"og:url\" content=\"https:\/\/www.uniservitate.org\/es\/premio-2022\/premio-preguntas-frecuentes\/\" \/>\n<meta property=\"og:site_name\" content=\"Uniservitate\" \/>\n<meta property=\"article:modified_time\" content=\"2022-04-06T15:26:13+00:00\" \/>\n<meta name=\"twitter:card\" content=\"summary_large_image\" \/>\n<meta name=\"twitter:label1\" content=\"Tiempo de lectura\" \/>\n\t<meta name=\"twitter:data1\" content=\"4 minutos\" \/>\n<script type=\"application\/ld+json\" class=\"yoast-schema-graph\">{\"@context\":\"https:\\\/\\\/schema.org\",\"@graph\":[{\"@type\":\"WebPage\",\"@id\":\"https:\\\/\\\/www.uniservitate.org\\\/es\\\/premio-2022\\\/premio-preguntas-frecuentes\\\/\",\"url\":\"https:\\\/\\\/www.uniservitate.org\\\/es\\\/premio-2022\\\/premio-preguntas-frecuentes\\\/\",\"name\":\"Premio - Preguntas Frecuentes - Uniservitate\",\"isPartOf\":{\"@id\":\"https:\\\/\\\/www.uniservitate.org\\\/#website\"},\"datePublished\":\"2022-02-16T14:40:54+00:00\",\"dateModified\":\"2022-04-06T15:26:13+00:00\",\"breadcrumb\":{\"@id\":\"https:\\\/\\\/www.uniservitate.org\\\/es\\\/premio-2022\\\/premio-preguntas-frecuentes\\\/#breadcrumb\"},\"inLanguage\":\"es\",\"potentialAction\":[{\"@type\":\"ReadAction\",\"target\":[\"https:\\\/\\\/www.uniservitate.org\\\/es\\\/premio-2022\\\/premio-preguntas-frecuentes\\\/\"]}]},{\"@type\":\"BreadcrumbList\",\"@id\":\"https:\\\/\\\/www.uniservitate.org\\\/es\\\/premio-2022\\\/premio-preguntas-frecuentes\\\/#breadcrumb\",\"itemListElement\":[{\"@type\":\"ListItem\",\"position\":1,\"name\":\"Home\",\"item\":\"https:\\\/\\\/www.uniservitate.org\\\/es\\\/\"},{\"@type\":\"ListItem\",\"position\":2,\"name\":\"Premio\",\"item\":\"https:\\\/\\\/www.uniservitate.org\\\/es\\\/premio-2022\\\/\"},{\"@type\":\"ListItem\",\"position\":3,\"name\":\"Premio &#8211; Preguntas Frecuentes\"}]},{\"@type\":\"WebSite\",\"@id\":\"https:\\\/\\\/www.uniservitate.org\\\/#website\",\"url\":\"https:\\\/\\\/www.uniservitate.org\\\/\",\"name\":\"Uniservitate\",\"description\":\"Service-learning in Catholic Higher Education\",\"publisher\":{\"@id\":\"https:\\\/\\\/www.uniservitate.org\\\/#organization\"},\"potentialAction\":[{\"@type\":\"SearchAction\",\"target\":{\"@type\":\"EntryPoint\",\"urlTemplate\":\"https:\\\/\\\/www.uniservitate.org\\\/?s={search_term_string}\"},\"query-input\":{\"@type\":\"PropertyValueSpecification\",\"valueRequired\":true,\"valueName\":\"search_term_string\"}}],\"inLanguage\":\"es\"},{\"@type\":\"Organization\",\"@id\":\"https:\\\/\\\/www.uniservitate.org\\\/#organization\",\"name\":\"Uniservitate\",\"url\":\"https:\\\/\\\/www.uniservitate.org\\\/\",\"logo\":{\"@type\":\"ImageObject\",\"inLanguage\":\"es\",\"@id\":\"https:\\\/\\\/www.uniservitate.org\\\/#\\\/schema\\\/logo\\\/image\\\/\",\"url\":\"https:\\\/\\\/www.uniservitate.org\\\/wp-content\\\/uploads\\\/2021\\\/03\\\/logo.svg\",\"contentUrl\":\"https:\\\/\\\/www.uniservitate.org\\\/wp-content\\\/uploads\\\/2021\\\/03\\\/logo.svg\",\"width\":1,\"height\":1,\"caption\":\"Uniservitate\"},\"image\":{\"@id\":\"https:\\\/\\\/www.uniservitate.org\\\/#\\\/schema\\\/logo\\\/image\\\/\"}}]}<\/script>\n<!-- \/ Yoast SEO plugin. -->","yoast_head_json":{"title":"Premio - Preguntas Frecuentes - Uniservitate","robots":{"index":"index","follow":"follow","max-snippet":"max-snippet:-1","max-image-preview":"max-image-preview:large","max-video-preview":"max-video-preview:-1"},"canonical":"https:\/\/www.uniservitate.org\/es\/premio-2022\/premio-preguntas-frecuentes\/","og_locale":"es_ES","og_type":"article","og_title":"Premio - Preguntas Frecuentes - Uniservitate","og_url":"https:\/\/www.uniservitate.org\/es\/premio-2022\/premio-preguntas-frecuentes\/","og_site_name":"Uniservitate","article_modified_time":"2022-04-06T15:26:13+00:00","twitter_card":"summary_large_image","twitter_misc":{"Tiempo de lectura":"4 minutos"},"schema":{"@context":"https:\/\/schema.org","@graph":[{"@type":"WebPage","@id":"https:\/\/www.uniservitate.org\/es\/premio-2022\/premio-preguntas-frecuentes\/","url":"https:\/\/www.uniservitate.org\/es\/premio-2022\/premio-preguntas-frecuentes\/","name":"Premio - Preguntas Frecuentes - Uniservitate","isPartOf":{"@id":"https:\/\/www.uniservitate.org\/#website"},"datePublished":"2022-02-16T14:40:54+00:00","dateModified":"2022-04-06T15:26:13+00:00","breadcrumb":{"@id":"https:\/\/www.uniservitate.org\/es\/premio-2022\/premio-preguntas-frecuentes\/#breadcrumb"},"inLanguage":"es","potentialAction":[{"@type":"ReadAction","target":["https:\/\/www.uniservitate.org\/es\/premio-2022\/premio-preguntas-frecuentes\/"]}]},{"@type":"BreadcrumbList","@id":"https:\/\/www.uniservitate.org\/es\/premio-2022\/premio-preguntas-frecuentes\/#breadcrumb","itemListElement":[{"@type":"ListItem","position":1,"name":"Home","item":"https:\/\/www.uniservitate.org\/es\/"},{"@type":"ListItem","position":2,"name":"Premio","item":"https:\/\/www.uniservitate.org\/es\/premio-2022\/"},{"@type":"ListItem","position":3,"name":"Premio &#8211; Preguntas Frecuentes"}]},{"@type":"WebSite","@id":"https:\/\/www.uniservitate.org\/#website","url":"https:\/\/www.uniservitate.org\/","name":"Uniservitate","description":"Service-learning in Catholic Higher Education","publisher":{"@id":"https:\/\/www.uniservitate.org\/#organization"},"potentialAction":[{"@type":"SearchAction","target":{"@type":"EntryPoint","urlTemplate":"https:\/\/www.uniservitate.org\/?s={search_term_string}"},"query-input":{"@type":"PropertyValueSpecification","valueRequired":true,"valueName":"search_term_string"}}],"inLanguage":"es"},{"@type":"Organization","@id":"https:\/\/www.uniservitate.org\/#organization","name":"Uniservitate","url":"https:\/\/www.uniservitate.org\/","logo":{"@type":"ImageObject","inLanguage":"es","@id":"https:\/\/www.uniservitate.org\/#\/schema\/logo\/image\/","url":"https:\/\/www.uniservitate.org\/wp-content\/uploads\/2021\/03\/logo.svg","contentUrl":"https:\/\/www.uniservitate.org\/wp-content\/uploads\/2021\/03\/logo.svg","width":1,"height":1,"caption":"Uniservitate"},"image":{"@id":"https:\/\/www.uniservitate.org\/#\/schema\/logo\/image\/"}}]}},"_links":{"self":[{"href":"https:\/\/www.uniservitate.org\/es\/wp-json\/wp\/v2\/pages\/8291","targetHints":{"allow":["GET"]}}],"collection":[{"href":"https:\/\/www.uniservitate.org\/es\/wp-json\/wp\/v2\/pages"}],"about":[{"href":"https:\/\/www.uniservitate.org\/es\/wp-json\/wp\/v2\/types\/page"}],"author":[{"embeddable":true,"href":"https:\/\/www.uniservitate.org\/es\/wp-json\/wp\/v2\/users\/1"}],"replies":[{"embeddable":true,"href":"https:\/\/www.uniservitate.org\/es\/wp-json\/wp\/v2\/comments?post=8291"}],"version-history":[{"count":8,"href":"https:\/\/www.uniservitate.org\/es\/wp-json\/wp\/v2\/pages\/8291\/revisions"}],"predecessor-version":[{"id":8740,"href":"https:\/\/www.uniservitate.org\/es\/wp-json\/wp\/v2\/pages\/8291\/revisions\/8740"}],"up":[{"embeddable":true,"href":"https:\/\/www.uniservitate.org\/es\/wp-json\/wp\/v2\/pages\/8163"}],"wp:attachment":[{"href":"https:\/\/www.uniservitate.org\/es\/wp-json\/wp\/v2\/media?parent=8291"}],"curies":[{"name":"wp","href":"https:\/\/api.w.org\/{rel}","templated":true}]}}